{"id":180,"date":"2021-04-02T23:25:33","date_gmt":"2021-04-02T21:25:33","guid":{"rendered":"http:\/\/tendidees.com\/?page_id=180"},"modified":"2023-05-17T17:24:27","modified_gmt":"2023-05-17T15:24:27","slug":"me-contacter","status":"publish","type":"page","link":"https:\/\/tendidees.com\/index.php\/me-contacter\/","title":{"rendered":"Me contacter"},"content":{"rendered":"<p style=\"font-size:28px\">Si vous souhaitez me contacter, pour une question, une commande, une id\u00e9e \u00e0 personnaliser, ou juste me faire un coucou, vous \u00eates au bon endroit, n&rsquo;h\u00e9sitez plus !<\/p><div class=\"wpforms-container wpforms-container-full\" id=\"wpforms-179\"><form id=\"wpforms-form-179\" class=\"wpforms-validate wpforms-form\" data-formid=\"179\" method=\"post\" enctype=\"multipart\/form-data\" action=\"\/index.php\/wp-json\/wp\/v2\/pages\/180\" data-token=\"a42fbf4acc1e4dcdd78a2a3b2813e5bc\" data-token-time=\"1776860467\"><noscript class=\"wpforms-error-noscript\">Veuillez activer JavaScript dans votre navigateur pour remplir ce formulaire.<\/noscript><div class=\"wpforms-field-container\"><div id=\"wpforms-179-field_0-container\" class=\"wpforms-field wpforms-field-name\" data-field-id=\"0\"><label class=\"wpforms-field-label\">Nom <span class=\"wpforms-required-label\">*<\/span><\/label><div class=\"wpforms-field-row wpforms-field-medium\"><div class=\"wpforms-field-row-block wpforms-first wpforms-one-half\"><input type=\"text\" id=\"wpforms-179-field_0\" class=\"wpforms-field-name-first wpforms-field-required\" name=\"wpforms[fields][0][first]\" required><label for=\"wpforms-179-field_0\" class=\"wpforms-field-sublabel after\">Pr\u00e9nom<\/label><\/div><div class=\"wpforms-field-row-block wpforms-one-half\"><input type=\"text\" id=\"wpforms-179-field_0-last\" class=\"wpforms-field-name-last wpforms-field-required\" name=\"wpforms[fields][0][last]\" required><label for=\"wpforms-179-field_0-last\" class=\"wpforms-field-sublabel after\">Nom<\/label><\/div><\/div><\/div><div id=\"wpforms-179-field_1-container\" class=\"wpforms-field wpforms-field-email\" data-field-id=\"1\"><label class=\"wpforms-field-label\" for=\"wpforms-179-field_1\">E-mail <span class=\"wpforms-required-label\">*<\/span><\/label><input type=\"email\" id=\"wpforms-179-field_1\" class=\"wpforms-field-medium wpforms-field-required\" name=\"wpforms[fields][1]\" spellcheck=\"false\" required><\/div><div id=\"wpforms-179-field_2-container\" class=\"wpforms-field wpforms-field-textarea\" data-field-id=\"2\"><label class=\"wpforms-field-label\" for=\"wpforms-179-field_2\">Commentaire ou message <span class=\"wpforms-required-label\">*<\/span><\/label><textarea id=\"wpforms-179-field_2\" class=\"wpforms-field-medium wpforms-field-required\" name=\"wpforms[fields][2]\" required><\/textarea><\/div><\/div><!-- .wpforms-field-container --><div class=\"wpforms-submit-container\" ><input type=\"hidden\" name=\"wpforms[id]\" value=\"179\"><input type=\"hidden\" name=\"page_title\" value=\"\"><input type=\"hidden\" name=\"page_url\" value=\"https:\/\/tendidees.com\/index.php\/wp-json\/wp\/v2\/pages\/180\"><input type=\"hidden\" name=\"url_referer\" value=\"\"><button type=\"submit\" name=\"wpforms[submit]\" id=\"wpforms-submit-179\" class=\"wpforms-submit\" data-alt-text=\"Envoi...\" data-submit-text=\"Envoyer\" aria-live=\"assertive\" value=\"wpforms-submit\">Envoyer<\/button><\/div><\/form><\/div>  <!-- .wpforms-container -->","protected":false},"excerpt":{"rendered":"<p>Si vous souhaitez me contacter, pour une question, une commande, une id\u00e9e \u00e0 personnaliser, ou juste me faire un coucou, vous \u00eates au bon endroit, n&rsquo;h\u00e9sitez plus !<\/p>\n","protected":false},"author":1,"featured_media":0,"parent":0,"menu_order":0,"comment_status":"closed","ping_status":"closed","template":"","meta":{"ocean_post_layout":"","ocean_both_sidebars_style":"","ocean_both_sidebars_content_width":0,"ocean_both_sidebars_sidebars_width":0,"ocean_sidebar":"0","ocean_second_sidebar":"0","ocean_disable_margins":"enable","ocean_add_body_class":"","ocean_shortcode_before_top_bar":"","ocean_shortcode_after_top_bar":"","ocean_shortcode_before_header":"","ocean_shortcode_after_header":"","ocean_has_shortcode":"","ocean_shortcode_after_title":"","ocean_shortcode_before_footer_widgets":"","ocean_shortcode_after_footer_widgets":"","ocean_shortcode_before_footer_bottom":"","ocean_shortcode_after_footer_bottom":"","ocean_display_top_bar":"default","ocean_display_header":"default","ocean_header_style":"","ocean_center_header_left_menu":"0","ocean_custom_header_template":"0","ocean_custom_logo":0,"ocean_custom_retina_logo":0,"ocean_custom_logo_max_width":0,"ocean_custom_logo_tablet_max_width":0,"ocean_custom_logo_mobile_max_width":0,"ocean_custom_logo_max_height":0,"ocean_custom_logo_tablet_max_height":0,"ocean_custom_logo_mobile_max_height":0,"ocean_header_custom_menu":"0","ocean_menu_typo_font_family":"0","ocean_menu_typo_font_subset":"","ocean_menu_typo_font_size":0,"ocean_menu_typo_font_size_tablet":0,"ocean_menu_typo_font_size_mobile":0,"ocean_menu_typo_font_size_unit":"px","ocean_menu_typo_font_weight":"","ocean_menu_typo_font_weight_tablet":"","ocean_menu_typo_font_weight_mobile":"","ocean_menu_typo_transform":"","ocean_menu_typo_transform_tablet":"","ocean_menu_typo_transform_mobile":"","ocean_menu_typo_line_height":0,"ocean_menu_typo_line_height_tablet":0,"ocean_menu_typo_line_height_mobile":0,"ocean_menu_typo_line_height_unit":"","ocean_menu_typo_spacing":0,"ocean_menu_typo_spacing_tablet":0,"ocean_menu_typo_spacing_mobile":0,"ocean_menu_typo_spacing_unit":"","ocean_menu_link_color":"","ocean_menu_link_color_hover":"","ocean_menu_link_color_active":"","ocean_menu_link_background":"","ocean_menu_link_hover_background":"","ocean_menu_link_active_background":"","ocean_menu_social_links_bg":"","ocean_menu_social_hover_links_bg":"","ocean_menu_social_links_color":"","ocean_menu_social_hover_links_color":"","ocean_disable_title":"default","ocean_disable_heading":"default","ocean_post_title":"","ocean_post_subheading":"","ocean_post_title_style":"","ocean_post_title_background_color":"","ocean_post_title_background":0,"ocean_post_title_bg_image_position":"","ocean_post_title_bg_image_attachment":"","ocean_post_title_bg_image_repeat":"","ocean_post_title_bg_image_size":"","ocean_post_title_height":0,"ocean_post_title_bg_overlay":0.5,"ocean_post_title_bg_overlay_color":"","ocean_disable_breadcrumbs":"default","ocean_breadcrumbs_color":"","ocean_breadcrumbs_separator_color":"","ocean_breadcrumbs_links_color":"","ocean_breadcrumbs_links_hover_color":"","ocean_display_footer_widgets":"default","ocean_display_footer_bottom":"default","ocean_custom_footer_template":"0","footnotes":""},"class_list":["post-180","page","type-page","status-publish","hentry","entry","owp-thumbs-layout-horizontal","owp-btn-normal","owp-tabs-layout-section","has-no-thumbnails","has-product-nav"],"yoast_head":"<!-- This site is optimized with the Yoast SEO plugin v23.5 - https:\/\/yoast.com\/wordpress\/plugins\/seo\/ -->\n<title>Me contacter - Tend&#039;id\u00e9es<\/title>\n<meta name=\"robots\" content=\"index, follow, max-snippet:-1, max-image-preview:large, max-video-preview:-1\" \/>\n<link rel=\"canonical\" href=\"https:\/\/tendidees.com\/index.php\/me-contacter\/\" \/>\n<meta property=\"og:locale\" content=\"fr_FR\" \/>\n<meta property=\"og:type\" content=\"article\" \/>\n<meta property=\"og:title\" content=\"Me contacter - Tend&#039;id\u00e9es\" \/>\n<meta property=\"og:description\" content=\"Si vous souhaitez me contacter, pour une question, une commande, une id\u00e9e \u00e0 personnaliser, ou juste me faire un coucou, vous \u00eates au bon endroit, n&rsquo;h\u00e9sitez plus !\" \/>\n<meta property=\"og:url\" content=\"https:\/\/tendidees.com\/index.php\/me-contacter\/\" \/>\n<meta property=\"og:site_name\" content=\"Tend&#039;id\u00e9es\" \/>\n<meta property=\"article:publisher\" content=\"https:\/\/www.facebook.com\/tendidees\" \/>\n<meta property=\"article:modified_time\" content=\"2023-05-17T15:24:27+00:00\" \/>\n<meta property=\"og:image\" content=\"https:\/\/tendidees.com\/wp-content\/uploads\/2023\/07\/Ateliers-creatifs-melange-1.png\" \/>\n\t<meta property=\"og:image:width\" content=\"940\" \/>\n\t<meta property=\"og:image:height\" content=\"788\" \/>\n\t<meta property=\"og:image:type\" content=\"image\/png\" \/>\n<meta name=\"twitter:card\" content=\"summary_large_image\" \/>\n<script type=\"application\/ld+json\" class=\"yoast-schema-graph\">{\"@context\":\"https:\/\/schema.org\",\"@graph\":[{\"@type\":\"WebPage\",\"@id\":\"https:\/\/tendidees.com\/index.php\/me-contacter\/\",\"url\":\"https:\/\/tendidees.com\/index.php\/me-contacter\/\",\"name\":\"Me contacter - Tend&#039;id\u00e9es\",\"isPartOf\":{\"@id\":\"https:\/\/tendidees.com\/#website\"},\"datePublished\":\"2021-04-02T21:25:33+00:00\",\"dateModified\":\"2023-05-17T15:24:27+00:00\",\"breadcrumb\":{\"@id\":\"https:\/\/tendidees.com\/index.php\/me-contacter\/#breadcrumb\"},\"inLanguage\":\"fr-FR\",\"potentialAction\":[{\"@type\":\"ReadAction\",\"target\":[\"https:\/\/tendidees.com\/index.php\/me-contacter\/\"]}]},{\"@type\":\"BreadcrumbList\",\"@id\":\"https:\/\/tendidees.com\/index.php\/me-contacter\/#breadcrumb\",\"itemListElement\":[{\"@type\":\"ListItem\",\"position\":1,\"name\":\"Accueil\",\"item\":\"https:\/\/tendidees.com\/\"},{\"@type\":\"ListItem\",\"position\":2,\"name\":\"Me contacter\"}]},{\"@type\":\"WebSite\",\"@id\":\"https:\/\/tendidees.com\/#website\",\"url\":\"https:\/\/tendidees.com\/\",\"name\":\"Tend'id\u00e9es\",\"description\":\"Ateliers cr\u00e9atifs, Modelage, Dessin, Bijoux, Origami, Aquarelle, Sculpture, Personnalisation\",\"publisher\":{\"@id\":\"https:\/\/tendidees.com\/#organization\"},\"potentialAction\":[{\"@type\":\"SearchAction\",\"target\":{\"@type\":\"EntryPoint\",\"urlTemplate\":\"https:\/\/tendidees.com\/?s={search_term_string}\"},\"query-input\":{\"@type\":\"PropertyValueSpecification\",\"valueRequired\":true,\"valueName\":\"search_term_string\"}}],\"inLanguage\":\"fr-FR\"},{\"@type\":\"Organization\",\"@id\":\"https:\/\/tendidees.com\/#organization\",\"name\":\"Tend'id\u00e9es\",\"url\":\"https:\/\/tendidees.com\/\",\"logo\":{\"@type\":\"ImageObject\",\"inLanguage\":\"fr-FR\",\"@id\":\"https:\/\/tendidees.com\/#\/schema\/logo\/image\/\",\"url\":\"https:\/\/tendidees.com\/wp-content\/uploads\/2021\/03\/LOGO-tendidees4-scaled-e1616754934233.gif\",\"contentUrl\":\"https:\/\/tendidees.com\/wp-content\/uploads\/2021\/03\/LOGO-tendidees4-scaled-e1616754934233.gif\",\"width\":1894,\"height\":1868,\"caption\":\"Tend'id\u00e9es\"},\"image\":{\"@id\":\"https:\/\/tendidees.com\/#\/schema\/logo\/image\/\"},\"sameAs\":[\"https:\/\/www.facebook.com\/tendidees\",\"https:\/\/www.facebook.com\/profile.php?id=100093566813140\"]}]}<\/script>\n<!-- \/ Yoast SEO plugin. -->","yoast_head_json":{"title":"Me contacter - Tend&#039;id\u00e9es","robots":{"index":"index","follow":"follow","max-snippet":"max-snippet:-1","max-image-preview":"max-image-preview:large","max-video-preview":"max-video-preview:-1"},"canonical":"https:\/\/tendidees.com\/index.php\/me-contacter\/","og_locale":"fr_FR","og_type":"article","og_title":"Me contacter - Tend&#039;id\u00e9es","og_description":"Si vous souhaitez me contacter, pour une question, une commande, une id\u00e9e \u00e0 personnaliser, ou juste me faire un coucou, vous \u00eates au bon endroit, n&rsquo;h\u00e9sitez plus !","og_url":"https:\/\/tendidees.com\/index.php\/me-contacter\/","og_site_name":"Tend&#039;id\u00e9es","article_publisher":"https:\/\/www.facebook.com\/tendidees","article_modified_time":"2023-05-17T15:24:27+00:00","og_image":[{"width":940,"height":788,"url":"https:\/\/tendidees.com\/wp-content\/uploads\/2023\/07\/Ateliers-creatifs-melange-1.png","type":"image\/png"}],"twitter_card":"summary_large_image","schema":{"@context":"https:\/\/schema.org","@graph":[{"@type":"WebPage","@id":"https:\/\/tendidees.com\/index.php\/me-contacter\/","url":"https:\/\/tendidees.com\/index.php\/me-contacter\/","name":"Me contacter - Tend&#039;id\u00e9es","isPartOf":{"@id":"https:\/\/tendidees.com\/#website"},"datePublished":"2021-04-02T21:25:33+00:00","dateModified":"2023-05-17T15:24:27+00:00","breadcrumb":{"@id":"https:\/\/tendidees.com\/index.php\/me-contacter\/#breadcrumb"},"inLanguage":"fr-FR","potentialAction":[{"@type":"ReadAction","target":["https:\/\/tendidees.com\/index.php\/me-contacter\/"]}]},{"@type":"BreadcrumbList","@id":"https:\/\/tendidees.com\/index.php\/me-contacter\/#breadcrumb","itemListElement":[{"@type":"ListItem","position":1,"name":"Accueil","item":"https:\/\/tendidees.com\/"},{"@type":"ListItem","position":2,"name":"Me contacter"}]},{"@type":"WebSite","@id":"https:\/\/tendidees.com\/#website","url":"https:\/\/tendidees.com\/","name":"Tend'id\u00e9es","description":"Ateliers cr\u00e9atifs, Modelage, Dessin, Bijoux, Origami, Aquarelle, Sculpture, Personnalisation","publisher":{"@id":"https:\/\/tendidees.com\/#organization"},"potentialAction":[{"@type":"SearchAction","target":{"@type":"EntryPoint","urlTemplate":"https:\/\/tendidees.com\/?s={search_term_string}"},"query-input":{"@type":"PropertyValueSpecification","valueRequired":true,"valueName":"search_term_string"}}],"inLanguage":"fr-FR"},{"@type":"Organization","@id":"https:\/\/tendidees.com\/#organization","name":"Tend'id\u00e9es","url":"https:\/\/tendidees.com\/","logo":{"@type":"ImageObject","inLanguage":"fr-FR","@id":"https:\/\/tendidees.com\/#\/schema\/logo\/image\/","url":"https:\/\/tendidees.com\/wp-content\/uploads\/2021\/03\/LOGO-tendidees4-scaled-e1616754934233.gif","contentUrl":"https:\/\/tendidees.com\/wp-content\/uploads\/2021\/03\/LOGO-tendidees4-scaled-e1616754934233.gif","width":1894,"height":1868,"caption":"Tend'id\u00e9es"},"image":{"@id":"https:\/\/tendidees.com\/#\/schema\/logo\/image\/"},"sameAs":["https:\/\/www.facebook.com\/tendidees","https:\/\/www.facebook.com\/profile.php?id=100093566813140"]}]}},"jetpack_sharing_enabled":true,"_links":{"self":[{"href":"https:\/\/tendidees.com\/index.php\/wp-json\/wp\/v2\/pages\/180"}],"collection":[{"href":"https:\/\/tendidees.com\/index.php\/wp-json\/wp\/v2\/pages"}],"about":[{"href":"https:\/\/tendidees.com\/index.php\/wp-json\/wp\/v2\/types\/page"}],"author":[{"embeddable":true,"href":"https:\/\/tendidees.com\/index.php\/wp-json\/wp\/v2\/users\/1"}],"replies":[{"embeddable":true,"href":"https:\/\/tendidees.com\/index.php\/wp-json\/wp\/v2\/comments?post=180"}],"version-history":[{"count":8,"href":"https:\/\/tendidees.com\/index.php\/wp-json\/wp\/v2\/pages\/180\/revisions"}],"predecessor-version":[{"id":1666,"href":"https:\/\/tendidees.com\/index.php\/wp-json\/wp\/v2\/pages\/180\/revisions\/1666"}],"wp:attachment":[{"href":"https:\/\/tendidees.com\/index.php\/wp-json\/wp\/v2\/media?parent=180"}],"curies":[{"name":"wp","href":"https:\/\/api.w.org\/{rel}","templated":true}]}}