{"id":332,"date":"2021-04-12T18:38:26","date_gmt":"2021-04-12T16:38:26","guid":{"rendered":"http:\/\/tendidees.com\/index.php\/boutique\/"},"modified":"2023-05-16T22:25:18","modified_gmt":"2023-05-16T20:25:18","slug":"boutique","status":"publish","type":"page","link":"https:\/\/tendidees.com\/index.php\/boutique\/","title":{"rendered":"Boutique"},"content":{"rendered":"\t\t<div data-elementor-type=\"wp-page\" data-elementor-id=\"332\" class=\"elementor elementor-332\">\n\t\t\t\t\t\t<section class=\"elementor-section elementor-top-section elementor-element elementor-element-79c9487 elementor-section-boxed elementor-section-height-default elementor-section-height-default\" data-id=\"79c9487\" data-element_type=\"section\">\n\t\t\t\t\t\t<div class=\"elementor-container elementor-column-gap-default\">\n\t\t\t\t\t<div class=\"elementor-column elementor-col-25 elementor-top-column elementor-element elementor-element-04f6a69\" data-id=\"04f6a69\" data-element_type=\"column\">\n\t\t\t<div class=\"elementor-widget-wrap elementor-element-populated\">\n\t\t\t\t\t\t<div class=\"elementor-element elementor-element-d0fa9f3 elementor-widget elementor-widget-heading\" data-id=\"d0fa9f3\" data-element_type=\"widget\" data-widget_type=\"heading.default\">\n\t\t\t\t<div class=\"elementor-widget-container\">\n\t\t\t<h2 class=\"elementor-heading-title elementor-size-default\">Les Perles<\/h2>\t\t<\/div>\n\t\t\t\t<\/div>\n\t\t\t\t<div class=\"elementor-element elementor-element-f252f59 elementor-widget elementor-widget-image\" data-id=\"f252f59\" data-element_type=\"widget\" data-widget_type=\"image.default\">\n\t\t\t\t<div class=\"elementor-widget-container\">\n\t\t\t\t\t\t\t\t\t\t\t\t\t<img decoding=\"async\" src=\"https:\/\/tendidees.com\/wp-content\/uploads\/elementor\/thumbs\/20181031_132612-scaled-e1663232104258-pusiy8j7iv2bnbpr0m2ehuyjd5lpw3e2t5r7a1myzk.jpg\" title=\"Tend&rsquo;id\u00e9es Bijoux origami boucle d&rsquo;oreille papillon violet rouge\" alt=\"Tend&#039;id\u00e9es Bijoux origami boucle d&#039;oreille papillon violet rouge\" loading=\"lazy\" \/>\t\t\t\t\t\t\t\t\t\t\t\t\t<\/div>\n\t\t\t\t<\/div>\n\t\t\t\t\t<\/div>\n\t\t<\/div>\n\t\t\t\t<div class=\"elementor-column elementor-col-25 elementor-top-column elementor-element elementor-element-982de2c\" data-id=\"982de2c\" data-element_type=\"column\">\n\t\t\t<div class=\"elementor-widget-wrap elementor-element-populated\">\n\t\t\t\t\t\t<div class=\"elementor-element elementor-element-4f72bfac elementor-widget elementor-widget-heading\" data-id=\"4f72bfac\" data-element_type=\"widget\" data-widget_type=\"heading.default\">\n\t\t\t\t<div class=\"elementor-widget-container\">\n\t\t\t<h2 class=\"elementor-heading-title elementor-size-default\">Les Bijoux<\/h2>\t\t<\/div>\n\t\t\t\t<\/div>\n\t\t\t\t<div class=\"elementor-element elementor-element-6a704ac5 elementor-widget elementor-widget-image\" data-id=\"6a704ac5\" data-element_type=\"widget\" data-widget_type=\"image.default\">\n\t\t\t\t<div class=\"elementor-widget-container\">\n\t\t\t\t\t\t\t\t\t\t\t\t\t<img decoding=\"async\" src=\"https:\/\/tendidees.com\/wp-content\/uploads\/elementor\/thumbs\/20181031_132612-scaled-e1663232104258-pusiy8j7iv2bnbpr0m2ehuyjd5lpw3e2t5r7a1myzk.jpg\" title=\"Tend&rsquo;id\u00e9es Bijoux origami boucle d&rsquo;oreille papillon violet rouge\" alt=\"Tend&#039;id\u00e9es Bijoux origami boucle d&#039;oreille papillon violet rouge\" loading=\"lazy\" \/>\t\t\t\t\t\t\t\t\t\t\t\t\t<\/div>\n\t\t\t\t<\/div>\n\t\t\t\t\t<\/div>\n\t\t<\/div>\n\t\t\t\t<div class=\"elementor-column elementor-col-25 elementor-top-column elementor-element elementor-element-052a2ac\" data-id=\"052a2ac\" data-element_type=\"column\">\n\t\t\t<div class=\"elementor-widget-wrap elementor-element-populated\">\n\t\t\t\t\t\t<div class=\"elementor-element elementor-element-de6a27c elementor-widget elementor-widget-heading\" data-id=\"de6a27c\" data-element_type=\"widget\" data-widget_type=\"heading.default\">\n\t\t\t\t<div class=\"elementor-widget-container\">\n\t\t\t<h2 class=\"elementor-heading-title elementor-size-default\"><a href=\"https:\/\/tendidees.com\/index.php\/categorie-produit\/sculptures-en-fils\/\">Les Sculptures en Fil<\/a><\/h2>\t\t<\/div>\n\t\t\t\t<\/div>\n\t\t\t\t<div class=\"elementor-element elementor-element-23ff756e elementor-widget elementor-widget-image\" data-id=\"23ff756e\" data-element_type=\"widget\" data-widget_type=\"image.default\">\n\t\t\t\t<div class=\"elementor-widget-container\">\n\t\t\t\t\t\t\t\t\t\t\t\t\t\t<a href=\"https:\/\/tendidees.com\/index.php\/categorie-produit\/sculptures-en-fils\/\">\n\t\t\t\t\t\t\t<img decoding=\"async\" src=\"https:\/\/tendidees.com\/wp-content\/uploads\/elementor\/thumbs\/20210201_103523-scaled-p4sozfr7gu6j47qnrdan4i8bcdo3w3feyge4cttcww.jpg\" title=\"Tend&rsquo;id\u00e9es Cr\u00e9atrice Fil d&rsquo;aluminium Floral Nature D\u00e9coration Salon Chambre\" alt=\"Tend&#039;id\u00e9es Cr\u00e9atrice Fil d&#039;aluminium Floral Nature D\u00e9coration Salon Chambre\" loading=\"lazy\" \/>\t\t\t\t\t\t\t\t<\/a>\n\t\t\t\t\t\t\t\t\t\t\t\t\t<\/div>\n\t\t\t\t<\/div>\n\t\t\t\t\t<\/div>\n\t\t<\/div>\n\t\t\t\t<div class=\"elementor-column elementor-col-25 elementor-top-column elementor-element elementor-element-19f577b\" data-id=\"19f577b\" data-element_type=\"column\">\n\t\t\t<div class=\"elementor-widget-wrap elementor-element-populated\">\n\t\t\t\t\t\t<div class=\"elementor-element elementor-element-7e34e3e7 elementor-widget elementor-widget-heading\" data-id=\"7e34e3e7\" data-element_type=\"widget\" data-widget_type=\"heading.default\">\n\t\t\t\t<div class=\"elementor-widget-container\">\n\t\t\t<h2 class=\"elementor-heading-title elementor-size-default\">La Polym\u00e8re<\/h2>\t\t<\/div>\n\t\t\t\t<\/div>\n\t\t\t\t<div class=\"elementor-element elementor-element-330f1582 elementor-widget elementor-widget-image\" data-id=\"330f1582\" data-element_type=\"widget\" data-widget_type=\"image.default\">\n\t\t\t\t<div class=\"elementor-widget-container\">\n\t\t\t\t\t\t\t\t\t\t\t\t\t<img decoding=\"async\" src=\"https:\/\/tendidees.com\/wp-content\/uploads\/elementor\/thumbs\/20210302_205330-scaled-e1616778931363-p4sng6sprejspbzqdhk2kg4yd1zfgk3e0zyovbqen4.jpg\" title=\"Bijoux barrette harry potter\" alt=\"Bijoux barrette harry potter\" loading=\"lazy\" \/>\t\t\t\t\t\t\t\t\t\t\t\t\t<\/div>\n\t\t\t\t<\/div>\n\t\t\t\t\t<\/div>\n\t\t<\/div>\n\t\t\t\t\t<\/div>\n\t\t<\/section>\n\t\t\t\t<\/div>\n\t\t","protected":false},"excerpt":{"rendered":"<p>Les Perles Les Bijoux Les Sculptures en Fil La Polym\u00e8re<\/p>\n","protected":false},"author":1,"featured_media":0,"parent":0,"menu_order":0,"comment_status":"closed","ping_status":"closed","template":"","meta":{"ocean_post_layout":"","ocean_both_sidebars_style":"","ocean_both_sidebars_content_width":0,"ocean_both_sidebars_sidebars_width":0,"ocean_sidebar":"","ocean_second_sidebar":"","ocean_disable_margins":"enable","ocean_add_body_class":"","ocean_shortcode_before_top_bar":"","ocean_shortcode_after_top_bar":"","ocean_shortcode_before_header":"","ocean_shortcode_after_header":"","ocean_has_shortcode":"","ocean_shortcode_after_title":"","ocean_shortcode_before_footer_widgets":"","ocean_shortcode_after_footer_widgets":"","ocean_shortcode_before_footer_bottom":"","ocean_shortcode_after_footer_bottom":"","ocean_display_top_bar":"default","ocean_display_header":"default","ocean_header_style":"","ocean_center_header_left_menu":"","ocean_custom_header_template":"","ocean_custom_logo":0,"ocean_custom_retina_logo":0,"ocean_custom_logo_max_width":0,"ocean_custom_logo_tablet_max_width":0,"ocean_custom_logo_mobile_max_width":0,"ocean_custom_logo_max_height":0,"ocean_custom_logo_tablet_max_height":0,"ocean_custom_logo_mobile_max_height":0,"ocean_header_custom_menu":"","ocean_menu_typo_font_family":"","ocean_menu_typo_font_subset":"","ocean_menu_typo_font_size":0,"ocean_menu_typo_font_size_tablet":0,"ocean_menu_typo_font_size_mobile":0,"ocean_menu_typo_font_size_unit":"px","ocean_menu_typo_font_weight":"","ocean_menu_typo_font_weight_tablet":"","ocean_menu_typo_font_weight_mobile":"","ocean_menu_typo_transform":"","ocean_menu_typo_transform_tablet":"","ocean_menu_typo_transform_mobile":"","ocean_menu_typo_line_height":0,"ocean_menu_typo_line_height_tablet":0,"ocean_menu_typo_line_height_mobile":0,"ocean_menu_typo_line_height_unit":"","ocean_menu_typo_spacing":0,"ocean_menu_typo_spacing_tablet":0,"ocean_menu_typo_spacing_mobile":0,"ocean_menu_typo_spacing_unit":"","ocean_menu_link_color":"","ocean_menu_link_color_hover":"","ocean_menu_link_color_active":"","ocean_menu_link_background":"","ocean_menu_link_hover_background":"","ocean_menu_link_active_background":"","ocean_menu_social_links_bg":"","ocean_menu_social_hover_links_bg":"","ocean_menu_social_links_color":"","ocean_menu_social_hover_links_color":"","ocean_disable_title":"default","ocean_disable_heading":"default","ocean_post_title":"","ocean_post_subheading":"","ocean_post_title_style":"","ocean_post_title_background_color":"","ocean_post_title_background":0,"ocean_post_title_bg_image_position":"","ocean_post_title_bg_image_attachment":"","ocean_post_title_bg_image_repeat":"","ocean_post_title_bg_image_size":"","ocean_post_title_height":0,"ocean_post_title_bg_overlay":0.5,"ocean_post_title_bg_overlay_color":"","ocean_disable_breadcrumbs":"default","ocean_breadcrumbs_color":"","ocean_breadcrumbs_separator_color":"","ocean_breadcrumbs_links_color":"","ocean_breadcrumbs_links_hover_color":"","ocean_display_footer_widgets":"default","ocean_display_footer_bottom":"default","ocean_custom_footer_template":"","footnotes":""},"class_list":["post-332","page","type-page","status-publish","hentry","entry","owp-thumbs-layout-horizontal","owp-btn-normal","owp-tabs-layout-section","has-no-thumbnails","has-product-nav"],"yoast_head":"<!-- This site is optimized with the Yoast SEO plugin v23.5 - https:\/\/yoast.com\/wordpress\/plugins\/seo\/ -->\n<title>Boutique - Tend&#039;id\u00e9es<\/title>\n<meta name=\"robots\" content=\"index, follow, max-snippet:-1, max-image-preview:large, max-video-preview:-1\" \/>\n<link rel=\"canonical\" href=\"https:\/\/tendidees.com\/index.php\/boutique\/\" \/>\n<meta property=\"og:locale\" content=\"fr_FR\" \/>\n<meta property=\"og:type\" content=\"article\" \/>\n<meta property=\"og:title\" content=\"Boutique - Tend&#039;id\u00e9es\" \/>\n<meta property=\"og:description\" content=\"Les Perles Les Bijoux Les Sculptures en Fil La Polym\u00e8re\" \/>\n<meta property=\"og:url\" content=\"https:\/\/tendidees.com\/index.php\/boutique\/\" \/>\n<meta property=\"og:site_name\" content=\"Tend&#039;id\u00e9es\" \/>\n<meta property=\"article:publisher\" content=\"https:\/\/www.facebook.com\/tendidees\" \/>\n<meta property=\"article:modified_time\" content=\"2023-05-16T20:25:18+00:00\" \/>\n<meta property=\"og:image\" content=\"https:\/\/tendidees.com\/wp-content\/uploads\/elementor\/thumbs\/20181031_132612-scaled-e1663232104258-pusiy8j7iv2bnbpr0m2ehuyjd5lpw3e2t5r7a1myzk.jpg\" \/>\n<meta name=\"twitter:card\" content=\"summary_large_image\" \/>\n<script type=\"application\/ld+json\" class=\"yoast-schema-graph\">{\"@context\":\"https:\/\/schema.org\",\"@graph\":[{\"@type\":\"WebPage\",\"@id\":\"https:\/\/tendidees.com\/index.php\/boutique\/\",\"url\":\"https:\/\/tendidees.com\/index.php\/boutique\/\",\"name\":\"Boutique - Tend&#039;id\u00e9es\",\"isPartOf\":{\"@id\":\"https:\/\/tendidees.com\/#website\"},\"primaryImageOfPage\":{\"@id\":\"https:\/\/tendidees.com\/index.php\/boutique\/#primaryimage\"},\"image\":{\"@id\":\"https:\/\/tendidees.com\/index.php\/boutique\/#primaryimage\"},\"thumbnailUrl\":\"https:\/\/tendidees.com\/wp-content\/uploads\/elementor\/thumbs\/20181031_132612-scaled-e1663232104258-pusiy8j7iv2bnbpr0m2ehuyjd5lpw3e2t5r7a1myzk.jpg\",\"datePublished\":\"2021-04-12T16:38:26+00:00\",\"dateModified\":\"2023-05-16T20:25:18+00:00\",\"breadcrumb\":{\"@id\":\"https:\/\/tendidees.com\/index.php\/boutique\/#breadcrumb\"},\"inLanguage\":\"fr-FR\",\"potentialAction\":[{\"@type\":\"ReadAction\",\"target\":[\"https:\/\/tendidees.com\/index.php\/boutique\/\"]}]},{\"@type\":\"ImageObject\",\"inLanguage\":\"fr-FR\",\"@id\":\"https:\/\/tendidees.com\/index.php\/boutique\/#primaryimage\",\"url\":\"https:\/\/tendidees.com\/wp-content\/uploads\/elementor\/thumbs\/20181031_132612-scaled-e1663232104258-pusiy8j7iv2bnbpr0m2ehuyjd5lpw3e2t5r7a1myzk.jpg\",\"contentUrl\":\"https:\/\/tendidees.com\/wp-content\/uploads\/elementor\/thumbs\/20181031_132612-scaled-e1663232104258-pusiy8j7iv2bnbpr0m2ehuyjd5lpw3e2t5r7a1myzk.jpg\"},{\"@type\":\"BreadcrumbList\",\"@id\":\"https:\/\/tendidees.com\/index.php\/boutique\/#breadcrumb\",\"itemListElement\":[{\"@type\":\"ListItem\",\"position\":1,\"name\":\"Accueil\",\"item\":\"https:\/\/tendidees.com\/\"},{\"@type\":\"ListItem\",\"position\":2,\"name\":\"Boutique\"}]},{\"@type\":\"WebSite\",\"@id\":\"https:\/\/tendidees.com\/#website\",\"url\":\"https:\/\/tendidees.com\/\",\"name\":\"Tend'id\u00e9es\",\"description\":\"Ateliers cr\u00e9atifs, Modelage, Dessin, Bijoux, Origami, Aquarelle, Sculpture, Personnalisation\",\"publisher\":{\"@id\":\"https:\/\/tendidees.com\/#organization\"},\"potentialAction\":[{\"@type\":\"SearchAction\",\"target\":{\"@type\":\"EntryPoint\",\"urlTemplate\":\"https:\/\/tendidees.com\/?s={search_term_string}\"},\"query-input\":{\"@type\":\"PropertyValueSpecification\",\"valueRequired\":true,\"valueName\":\"search_term_string\"}}],\"inLanguage\":\"fr-FR\"},{\"@type\":\"Organization\",\"@id\":\"https:\/\/tendidees.com\/#organization\",\"name\":\"Tend'id\u00e9es\",\"url\":\"https:\/\/tendidees.com\/\",\"logo\":{\"@type\":\"ImageObject\",\"inLanguage\":\"fr-FR\",\"@id\":\"https:\/\/tendidees.com\/#\/schema\/logo\/image\/\",\"url\":\"https:\/\/tendidees.com\/wp-content\/uploads\/2021\/03\/LOGO-tendidees4-scaled-e1616754934233.gif\",\"contentUrl\":\"https:\/\/tendidees.com\/wp-content\/uploads\/2021\/03\/LOGO-tendidees4-scaled-e1616754934233.gif\",\"width\":1894,\"height\":1868,\"caption\":\"Tend'id\u00e9es\"},\"image\":{\"@id\":\"https:\/\/tendidees.com\/#\/schema\/logo\/image\/\"},\"sameAs\":[\"https:\/\/www.facebook.com\/tendidees\",\"https:\/\/www.facebook.com\/profile.php?id=100093566813140\"]}]}<\/script>\n<!-- \/ Yoast SEO plugin. -->","yoast_head_json":{"title":"Boutique - Tend&#039;id\u00e9es","robots":{"index":"index","follow":"follow","max-snippet":"max-snippet:-1","max-image-preview":"max-image-preview:large","max-video-preview":"max-video-preview:-1"},"canonical":"https:\/\/tendidees.com\/index.php\/boutique\/","og_locale":"fr_FR","og_type":"article","og_title":"Boutique - Tend&#039;id\u00e9es","og_description":"Les Perles Les Bijoux Les Sculptures en Fil La Polym\u00e8re","og_url":"https:\/\/tendidees.com\/index.php\/boutique\/","og_site_name":"Tend&#039;id\u00e9es","article_publisher":"https:\/\/www.facebook.com\/tendidees","article_modified_time":"2023-05-16T20:25:18+00:00","og_image":[{"url":"https:\/\/tendidees.com\/wp-content\/uploads\/elementor\/thumbs\/20181031_132612-scaled-e1663232104258-pusiy8j7iv2bnbpr0m2ehuyjd5lpw3e2t5r7a1myzk.jpg"}],"twitter_card":"summary_large_image","schema":{"@context":"https:\/\/schema.org","@graph":[{"@type":"WebPage","@id":"https:\/\/tendidees.com\/index.php\/boutique\/","url":"https:\/\/tendidees.com\/index.php\/boutique\/","name":"Boutique - Tend&#039;id\u00e9es","isPartOf":{"@id":"https:\/\/tendidees.com\/#website"},"primaryImageOfPage":{"@id":"https:\/\/tendidees.com\/index.php\/boutique\/#primaryimage"},"image":{"@id":"https:\/\/tendidees.com\/index.php\/boutique\/#primaryimage"},"thumbnailUrl":"https:\/\/tendidees.com\/wp-content\/uploads\/elementor\/thumbs\/20181031_132612-scaled-e1663232104258-pusiy8j7iv2bnbpr0m2ehuyjd5lpw3e2t5r7a1myzk.jpg","datePublished":"2021-04-12T16:38:26+00:00","dateModified":"2023-05-16T20:25:18+00:00","breadcrumb":{"@id":"https:\/\/tendidees.com\/index.php\/boutique\/#breadcrumb"},"inLanguage":"fr-FR","potentialAction":[{"@type":"ReadAction","target":["https:\/\/tendidees.com\/index.php\/boutique\/"]}]},{"@type":"ImageObject","inLanguage":"fr-FR","@id":"https:\/\/tendidees.com\/index.php\/boutique\/#primaryimage","url":"https:\/\/tendidees.com\/wp-content\/uploads\/elementor\/thumbs\/20181031_132612-scaled-e1663232104258-pusiy8j7iv2bnbpr0m2ehuyjd5lpw3e2t5r7a1myzk.jpg","contentUrl":"https:\/\/tendidees.com\/wp-content\/uploads\/elementor\/thumbs\/20181031_132612-scaled-e1663232104258-pusiy8j7iv2bnbpr0m2ehuyjd5lpw3e2t5r7a1myzk.jpg"},{"@type":"BreadcrumbList","@id":"https:\/\/tendidees.com\/index.php\/boutique\/#breadcrumb","itemListElement":[{"@type":"ListItem","position":1,"name":"Accueil","item":"https:\/\/tendidees.com\/"},{"@type":"ListItem","position":2,"name":"Boutique"}]},{"@type":"WebSite","@id":"https:\/\/tendidees.com\/#website","url":"https:\/\/tendidees.com\/","name":"Tend'id\u00e9es","description":"Ateliers cr\u00e9atifs, Modelage, Dessin, Bijoux, Origami, Aquarelle, Sculpture, Personnalisation","publisher":{"@id":"https:\/\/tendidees.com\/#organization"},"potentialAction":[{"@type":"SearchAction","target":{"@type":"EntryPoint","urlTemplate":"https:\/\/tendidees.com\/?s={search_term_string}"},"query-input":{"@type":"PropertyValueSpecification","valueRequired":true,"valueName":"search_term_string"}}],"inLanguage":"fr-FR"},{"@type":"Organization","@id":"https:\/\/tendidees.com\/#organization","name":"Tend'id\u00e9es","url":"https:\/\/tendidees.com\/","logo":{"@type":"ImageObject","inLanguage":"fr-FR","@id":"https:\/\/tendidees.com\/#\/schema\/logo\/image\/","url":"https:\/\/tendidees.com\/wp-content\/uploads\/2021\/03\/LOGO-tendidees4-scaled-e1616754934233.gif","contentUrl":"https:\/\/tendidees.com\/wp-content\/uploads\/2021\/03\/LOGO-tendidees4-scaled-e1616754934233.gif","width":1894,"height":1868,"caption":"Tend'id\u00e9es"},"image":{"@id":"https:\/\/tendidees.com\/#\/schema\/logo\/image\/"},"sameAs":["https:\/\/www.facebook.com\/tendidees","https:\/\/www.facebook.com\/profile.php?id=100093566813140"]}]}},"jetpack_sharing_enabled":true,"_links":{"self":[{"href":"https:\/\/tendidees.com\/index.php\/wp-json\/wp\/v2\/pages\/332"}],"collection":[{"href":"https:\/\/tendidees.com\/index.php\/wp-json\/wp\/v2\/pages"}],"about":[{"href":"https:\/\/tendidees.com\/index.php\/wp-json\/wp\/v2\/types\/page"}],"author":[{"embeddable":true,"href":"https:\/\/tendidees.com\/index.php\/wp-json\/wp\/v2\/users\/1"}],"replies":[{"embeddable":true,"href":"https:\/\/tendidees.com\/index.php\/wp-json\/wp\/v2\/comments?post=332"}],"version-history":[{"count":9,"href":"https:\/\/tendidees.com\/index.php\/wp-json\/wp\/v2\/pages\/332\/revisions"}],"predecessor-version":[{"id":1664,"href":"https:\/\/tendidees.com\/index.php\/wp-json\/wp\/v2\/pages\/332\/revisions\/1664"}],"wp:attachment":[{"href":"https:\/\/tendidees.com\/index.php\/wp-json\/wp\/v2\/media?parent=332"}],"curies":[{"name":"wp","href":"https:\/\/api.w.org\/{rel}","templated":true}]}}